{"id":37,"date":"2020-12-04T11:59:37","date_gmt":"2020-12-04T11:59:37","guid":{"rendered":"http:\/\/lacmed.icpm.tuiasi.ro\/?page_id=37"},"modified":"2020-12-08T07:05:52","modified_gmt":"2020-12-08T07:05:52","slug":"analize-aer","status":"publish","type":"page","link":"https:\/\/www.lacmed.icpm.tuiasi.ro\/?page_id=37","title":{"rendered":"Analize aer"},"content":{"rendered":"<p>In cadrul laboratorului LACMED se realizeaza analize pentru urmatorii indicatori de calitate ai aerului\u00a0 \/gazelor\u00a0<a href=\"http:\/\/lacmed.icpm.tuiasi.ro\/wp-content\/uploads\/LACMED_Lista_analize.pdf\" target=\"_blank\" download>(download pdf)<\/a>:<\/p>\n<table width=\"604\">\n<thead>\n<tr>\n<td width=\"57\"><strong>Nr crt<\/strong><\/td>\n<td width=\"252\"><strong>Indicator<\/strong><\/td>\n<td width=\"340\"><strong>Metoda \/ Observatii<\/strong><\/td>\n<\/tr>\n<\/thead>\n<tbody>\n<tr>\n<td width=\"57\">1<\/td>\n<td width=\"252\">Monoxid de carbon, CO<\/td>\n<td width=\"340\">\u00a0SR ISO 10396:2008 Emisii de la surse fixe. Prelevare pentru determinarea automat\u0103 a concentra\u0163iilor de gaze emise pentru sisteme fixe de monitorizare<\/td>\n<\/tr>\n<tr>\n<td width=\"57\">2<\/td>\n<td width=\"252\">Dioxid de carbon, CO<sub>2<\/sub><\/td>\n<td width=\"340\">SR ISO 10396:2008 Emisii de la surse fixe. Prelevare pentru determinarea automat\u0103 a concentra\u0163iilor de gaze emise pentru sisteme fixe de monitorizare<\/td>\n<\/tr>\n<tr>\n<td width=\"57\">3<\/td>\n<td width=\"252\">Oxizi de sulf, exprimat ca SO2<\/td>\n<td width=\"340\">SR ISO 10396:2008 Emisii de la surse fixe. Prelevare pentru determinarea automat\u0103 a concentra\u0163iilor de gaze emise pentru sisteme fixe de monitorizare<\/td>\n<\/tr>\n<tr>\n<td width=\"57\">4<\/td>\n<td width=\"252\">Oxizi de azot, exprimat ca NO2<\/td>\n<td width=\"340\">SR ISO 10396:2008 Emisii de la surse fixe. Prelevare pentru determinarea automat\u0103 a concentra\u0163iilor de gaze emise pentru sisteme fixe de monitorizare<\/td>\n<\/tr>\n<tr>\n<td width=\"57\">5<\/td>\n<td width=\"252\">Pulberi PM 10<\/td>\n<td width=\"340\">SR EN 12341:2014 \u00a0 Calitatea aerului \u00eenconjur\u0103tor. Metod\u0103 standardizat\u0103 de m\u0103surare gravimetric\u0103 pentru determinarea frac\u0163iei masice de PM10 sau PM 2,5 a particulelor \u00een suspensie<\/td>\n<\/tr>\n<tr>\n<td width=\"57\">6<\/td>\n<td width=\"252\">Pulberi totale, Pulberi sedimentabile, pulberi in suspensie<\/td>\n<td width=\"340\">ISO 9096:2008 Emisii de la surse fixe. Determinare manual\u0103 a concentra\u0163iei masice de pulberi<\/td>\n<\/tr>\n<tr>\n<td width=\"57\">7<\/td>\n<td width=\"252\">Vapori HCl\/ Cloruri<\/td>\n<td width=\"340\">\u00a0SR EN 1911:2011 Emisii de la surse fixe. Determinarea concentra\u0163iei masice de cloruri gazoase, exprimat\u0103 \u00een HCl. Metod\u0103 de referin\u0163\u0103 standard<\/td>\n<\/tr>\n<tr>\n<td width=\"57\">8<\/td>\n<td width=\"252\">Vapori H<sub>2<\/sub>SO<sub>4<\/sub><\/td>\n<td width=\"340\">STAS 11194-79 Puritatea aerului. Determinarea acidului sulfuric<\/td>\n<\/tr>\n<tr>\n<td width=\"57\">9<\/td>\n<td width=\"252\">Compusi oganici volatili<\/td>\n<td width=\"340\">SR EN 13649:2002 Emisii de la surse fixe. Determinarea concentra\u0163iei masice a compu\u015filor organici gazo\u015fi individuali. Metoda cu c\u0103rbune activ \u015fi desorb\u0163ia solven\u0163ilor<\/td>\n<\/tr>\n<tr>\n<td width=\"57\">10<\/td>\n<td width=\"252\">Nivel de zgomot<\/td>\n<td width=\"340\">Metoda specifica aparatului Digital Sound Level master HGL-1004 MeTecnick Germania<\/td>\n<\/tr>\n<\/tbody>\n<\/table>\n<p>Pentru determinarea indicatorilor de calitate ai aerului \/ gazelor, laboratorul LACMED dispune de personal, proceduri si echipamente pentru prelevarea directa a probelor in teren.<\/p>\n<p><a href=\"#top\"><strong>Go to top<\/strong><\/a><\/p>\n","protected":false},"excerpt":{"rendered":"<p>In cadrul laboratorului LACMED se realizeaza analize pentru urmatorii indicatori de calitate ai aerului\u00a0 \/gazelor\u00a0(download pdf): Nr crt Indicator Metoda \/ Observatii 1 Monoxid de carbon, CO \u00a0SR ISO 10396:2008 Emisii de la surse fixe. Prelevare pentru determinarea automat\u0103 a concentra\u0163iilor de gaze emise pentru sisteme fixe de monitorizare 2 Dioxid de carbon, CO2 SR &hellip; <a href=\"https:\/\/www.lacmed.icpm.tuiasi.ro\/?page_id=37\" class=\"more-link\">Continue reading<span class=\"screen-reader-text\"> &#8220;Analize aer&#8221;<\/span><\/a><\/p>\n","protected":false},"author":2,"featured_media":0,"parent":25,"menu_order":2,"comment_status":"closed","ping_status":"closed","template":"","meta":[],"_links":{"self":[{"href":"https:\/\/www.lacmed.icpm.tuiasi.ro\/index.php?rest_route=\/wp\/v2\/pages\/37"}],"collection":[{"href":"https:\/\/www.lacmed.icpm.tuiasi.ro\/index.php?rest_route=\/wp\/v2\/pages"}],"about":[{"href":"https:\/\/www.lacmed.icpm.tuiasi.ro\/index.php?rest_route=\/wp\/v2\/types\/page"}],"author":[{"embeddable":true,"href":"https:\/\/www.lacmed.icpm.tuiasi.ro\/index.php?rest_route=\/wp\/v2\/users\/2"}],"replies":[{"embeddable":true,"href":"https:\/\/www.lacmed.icpm.tuiasi.ro\/index.php?rest_route=%2Fwp%2Fv2%2Fcomments&post=37"}],"version-history":[{"count":4,"href":"https:\/\/www.lacmed.icpm.tuiasi.ro\/index.php?rest_route=\/wp\/v2\/pages\/37\/revisions"}],"predecessor-version":[{"id":368,"href":"https:\/\/www.lacmed.icpm.tuiasi.ro\/index.php?rest_route=\/wp\/v2\/pages\/37\/revisions\/368"}],"up":[{"embeddable":true,"href":"https:\/\/www.lacmed.icpm.tuiasi.ro\/index.php?rest_route=\/wp\/v2\/pages\/25"}],"wp:attachment":[{"href":"https:\/\/www.lacmed.icpm.tuiasi.ro\/index.php?rest_route=%2Fwp%2Fv2%2Fmedia&parent=37"}],"curies":[{"name":"wp","href":"https:\/\/api.w.org\/{rel}","templated":true}]}}