{"id":25,"date":"2020-12-04T12:00:38","date_gmt":"2020-12-04T12:00:38","guid":{"rendered":"http:\/\/lacmed.icpm.tuiasi.ro\/?page_id=25"},"modified":"2020-12-08T07:04:42","modified_gmt":"2020-12-08T07:04:42","slug":"oferta-analize","status":"publish","type":"page","link":"https:\/\/www.lacmed.icpm.tuiasi.ro\/?page_id=25","title":{"rendered":"Oferta analize"},"content":{"rendered":"<p>Laboratorul LACMED are drept obiect principal de activitate realizarea de analize fizico-chimice in scopul determinarii calitatii componentelor de mediu, dupa cum urmeaza:<\/p>\n<ul>\n<li>Analize fizico-chimice pentru determinarea calit\u0103\u0163ii apelor subterane si forajelor<\/li>\n<li>Analize fizico-chimice pentru determinarea calit\u0103\u0163ii apelor de suprafata,<\/li>\n<li>Analize fizico-chimice pentru determinarea calit\u0103\u0163ii apei potabile sau a apelor pentru uz industrial (ape de racire, ape tehnologice, etc.),<\/li>\n<li>Analize fizico-chimice pentru determinarea calit\u0103\u0163ii apelor uzate menajere \u015fi\/ sau industriale.<\/li>\n<\/ul>\n<p>Va rugam sa consultati\u00a0<a href=\"http:\/\/lacmed.icpm.tuiasi.ro\/wp-content\/uploads\/LACMED_Lista_analize.pdf\" target=\"_blank\" download>lista completa de indicatori determinati<\/a>. Va invitam sa ne contactati pentru solutii personalizate de monitorizare si analiza complexa a calitatii componentelor de mediu. Modul de selectie a tipului si a numarului de indicatori de calitate este esential pentru a asigura performante ridicate ale proceselor tehnologice de control a poluarii sau pentru reproiectarea instalatiilor existente (tratare ape, epurare ape uzate, tratare levigat, etc.).<\/p>\n<p>Aditional, laboratorul LACMED poate realiza si actitivitati pentru :<\/p>\n<ul>\n<li><a href=\"http:\/\/lacmed.icpm.tuiasi.ro\/?page_id=37\">determinarea calitatii aerului<\/a>,<\/li>\n<li>determinarea compozitiei deseurilor,<\/li>\n<li>teste de levigabilitate pentru deseuri solide,<\/li>\n<li>teste de calitate pentru diverse deseuri sau produse<\/li>\n<\/ul>\n<p><a href=\"http:\/\/lacmed.icpm.tuiasi.ro\/?page_id=25\">alte tipuri de analize la cerere<\/a><\/p>\n","protected":false},"excerpt":{"rendered":"<p>Laboratorul LACMED are drept obiect principal de activitate realizarea de analize fizico-chimice in scopul determinarii calitatii componentelor de mediu, dupa cum urmeaza: Analize fizico-chimice pentru determinarea calit\u0103\u0163ii apelor subterane si forajelor Analize fizico-chimice pentru determinarea calit\u0103\u0163ii apelor de suprafata, Analize fizico-chimice pentru determinarea calit\u0103\u0163ii apei potabile sau a apelor pentru uz industrial (ape de racire, &hellip; <a href=\"https:\/\/www.lacmed.icpm.tuiasi.ro\/?page_id=25\" class=\"more-link\">Continue reading<span class=\"screen-reader-text\"> &#8220;Oferta analize&#8221;<\/span><\/a><\/p>\n","protected":false},"author":2,"featured_media":0,"parent":0,"menu_order":0,"comment_status":"closed","ping_status":"closed","template":"","meta":[],"_links":{"self":[{"href":"https:\/\/www.lacmed.icpm.tuiasi.ro\/index.php?rest_route=\/wp\/v2\/pages\/25"}],"collection":[{"href":"https:\/\/www.lacmed.icpm.tuiasi.ro\/index.php?rest_route=\/wp\/v2\/pages"}],"about":[{"href":"https:\/\/www.lacmed.icpm.tuiasi.ro\/index.php?rest_route=\/wp\/v2\/types\/page"}],"author":[{"embeddable":true,"href":"https:\/\/www.lacmed.icpm.tuiasi.ro\/index.php?rest_route=\/wp\/v2\/users\/2"}],"replies":[{"embeddable":true,"href":"https:\/\/www.lacmed.icpm.tuiasi.ro\/index.php?rest_route=%2Fwp%2Fv2%2Fcomments&post=25"}],"version-history":[{"count":4,"href":"https:\/\/www.lacmed.icpm.tuiasi.ro\/index.php?rest_route=\/wp\/v2\/pages\/25\/revisions"}],"predecessor-version":[{"id":503,"href":"https:\/\/www.lacmed.icpm.tuiasi.ro\/index.php?rest_route=\/wp\/v2\/pages\/25\/revisions\/503"}],"wp:attachment":[{"href":"https:\/\/www.lacmed.icpm.tuiasi.ro\/index.php?rest_route=%2Fwp%2Fv2%2Fmedia&parent=25"}],"curies":[{"name":"wp","href":"https:\/\/api.w.org\/{rel}","templated":true}]}}